{"id":54,"date":"2025-10-23T23:13:50","date_gmt":"2025-10-23T23:13:50","guid":{"rendered":"https:\/\/laser-dynamics.dz\/wp\/home\/"},"modified":"2025-10-26T13:57:41","modified_gmt":"2025-10-26T13:57:41","slug":"home","status":"publish","type":"page","link":"https:\/\/laser-dynamics.dz\/","title":{"rendered":"Accueil"},"content":{"rendered":"\n\n\n\n\n\n<p>Lorem Ipsum has been the industry&rsquo;s standard dummy text ever since the 1500s.<\/p>\n\n\n\n\n<p>Lorem Ipsum has been the industry&rsquo;s standard dummy text ever since the 1500s.<\/p>\n\n\n\n\n\n\n<p>Lorem Ipsum has been the industry&rsquo;s standard dummy text ever since the 1500s.<\/p>\n\n\n\n\n\n\n<h6>\u00c0 Propos<\/h6>\n\n\n<h3>Qui Sommes Nous&#8230; <\/h3>\n\n\n<p><bdo lang=\"fran\u00e7ais\" dir=\"ltr\"><strong>Laser Dynamics<\/strong> est une entreprise alg\u00e9rienne sp\u00e9cialis\u00e9e dans le <strong>travail de la t\u00f4le m\u00e9tallique<\/strong>, offrant des solutions compl\u00e8tes allant de la <strong>d\u00e9coupe laser<\/strong>, du <strong>pliage CNC<\/strong>, du <strong>soudage<\/strong> et de <strong>l\u2019assemblage<\/strong>, jusqu\u2019\u00e0 la <strong>peinture de finition<\/strong>. Forte d\u2019une expertise technique et d\u2019un parc machine de haute pr\u00e9cision, notre soci\u00e9t\u00e9 se positionne comme un <strong>leader national<\/strong> dans son domaine. Nous mettons un point d\u2019honneur \u00e0 allier <strong>qualit\u00e9, innovation et r\u00e9activit\u00e9<\/strong> pour accompagner nos clients dans la r\u00e9alisation de leurs projets industriels, qu\u2019il s\u2019agisse de petites s\u00e9ries ou de productions plus complexes.<\/bdo><\/p>\n\n\nTous les \u00e9quipements de Laser Dynamics int\u00e8grent les derni\u00e8res innovations technologiques qui ont prouv\u00e9s leur utilit\u00e9 et fiabilit\u00e9\n\n\nUne bonne voiture de course ne peut gagn\u00e9 si elle n&rsquo;est pas conduite par un bon pilote, c&rsquo;est pour \u00e7a que nous\n\n\n\n\n\n\n\n\n\n<h6>Services<\/h6>\n\n\n<h3>Nos Services<\/h3>\n\n\n\n\n<p>D\u00e9couvrez notre gamme compl\u00e8te de services sp\u00e9cialis\u00e9s dans le travail de t\u00f4le, alliant innovation et expertise technique pour r\u00e9pondre \u00e0 vos besoins industriels.<\/p>\n\n\n\n\n\n\nNous utilisons des \u00e9quipements de d\u00e9coupe laser de pointe, permettant une pr\u00e9cision microm\u00e9trique et une flexibilit\u00e9 de r\u00e9alisation pour toutes vos pi\u00e8ces m\u00e9talliques.\n\n\n\n\nNotre service de pliage garantit des angles pr\u00e9cis et des courbes complexes, adapt\u00e9s qui r\u00e9pondent \u00e0 vos exigences et sp\u00e9cifications exactes.\n\n\n\n\nNous proposons des solutions de soudage vari\u00e9es (MIG\/MAG, TIG, MMA), assurant la meilleure int\u00e9grit\u00e9 structurelle pour vos composants et pi\u00e8ces m\u00e9talliques.\n\n\n\n\n\n\n\n\n\n\n\n\n<p>Lorem Ipsum has been the industry&rsquo;s standard dummy text ever since the 1500s.<\/p>\n\n\n\n\n<h2><\/h2>\n\n<h3><img decoding=\"async\" draggable=\"true\" role=\"img\" class=\"emoji\" alt=\"\ud83c\udfaf\" src=\"https:\/\/s.w.org\/images\/core\/emoji\/16.0.1\/svg\/1f3af.svg\" style=\"color: rgb(68, 68, 68); font-size: 16px !important; font-weight: 400 !important; font-family: Lato !important;\">&nbsp;Mission de Laser Dynamics<\/h3>\n<h3 data-start=\"147\" data-end=\"185\"><span style=\"color: rgb(68, 68, 68); font-family: Lato; font-size: 16px; font-weight: 400;\">Offrir \u00e0 nos clients des <\/span><strong data-start=\"211\" data-end=\"248\" style=\"color: rgb(68, 68, 68); font-family: Lato; font-size: 16px;\">solutions compl\u00e8tes et sur mesure<\/strong><span style=\"color: rgb(68, 68, 68); font-family: Lato; font-size: 16px; font-weight: 400;\"> dans le domaine de la fabrication&nbsp;<\/span><strong data-start=\"268\" data-end=\"301\" style=\"color: rgb(68, 68, 68); font-family: Lato; font-size: 16px;\">m\u00e9tallique<\/strong><span style=\"color: rgb(68, 68, 68); font-family: Lato; font-size: 16px; font-weight: 400;\">, en alliant <\/span><strong data-start=\"314\" data-end=\"339\" style=\"color: rgb(68, 68, 68); font-family: Lato; font-size: 16px;\">technologie de pointe<\/strong><span style=\"color: rgb(68, 68, 68); font-family: Lato; font-size: 16px; font-weight: 400;\">, <\/span><strong data-start=\"341\" data-end=\"364\" style=\"color: rgb(68, 68, 68); font-family: Lato; font-size: 16px;\">pr\u00e9cision technique<\/strong><span style=\"color: rgb(68, 68, 68); font-family: Lato; font-size: 16px; font-weight: 400;\"> et <\/span><strong data-start=\"368\" data-end=\"391\" style=\"color: rgb(68, 68, 68); font-family: Lato; font-size: 16px;\">savoir-faire humain<\/strong><span style=\"color: rgb(68, 68, 68); font-family: Lato; font-size: 16px; font-weight: 400;\">.<\/span><\/h3><p data-start=\"186\" data-end=\"656\">\nNous accompagnons chaque projet depuis la <strong data-start=\"437\" data-end=\"471\">conception jusqu\u2019\u00e0 la finition<\/strong>, afin de garantir des produits <strong data-start=\"503\" data-end=\"539\" data-is-only-node=\"\">fiables, esth\u00e9tiques et durables<\/strong>, tout en contribuant au <strong data-start=\"564\" data-end=\"603\">d\u00e9veloppement de l\u2019industrie locale<\/strong> et \u00e0 la <strong data-start=\"612\" data-end=\"653\">cr\u00e9ation de valeur ajout\u00e9e en Alg\u00e9rie<\/strong>.<\/p>\n\n<h3><img decoding=\"async\" draggable=\"true\" role=\"img\" class=\"emoji\" alt=\"\ud83c\udf1f\" src=\"https:\/\/s.w.org\/images\/core\/emoji\/16.0.1\/svg\/1f31f.svg\" style=\"color: rgb(68, 68, 68); font-size: 16px !important; font-weight: 400 !important; font-family: Lato !important;\"><span style=\"color: rgb(68, 68, 68); font-family: Lato; font-size: 16px; font-weight: 400;\">&nbsp;<\/span>Vision de Laser Dynamics<\/h3>\n<h3 data-start=\"106\" data-end=\"143\"><span style=\"color: rgb(68, 68, 68); font-family: Lato; font-size: 16px; font-weight: 400;\">Devenir <\/span><strong data-start=\"152\" data-end=\"220\" style=\"color: rgb(68, 68, 68); font-family: Lato; font-size: 16px;\">le leader National de la fabrication m\u00e9tallique de pr\u00e9cision<\/strong><span style=\"color: rgb(68, 68, 68); font-family: Lato; font-size: 16px; font-weight: 400;\"> en Alg\u00e9rie, reconnu pour la <\/span><strong data-start=\"249\" data-end=\"290\" style=\"color: rgb(68, 68, 68); font-family: Lato; font-size: 16px;\">qualit\u00e9, l\u2019innovation et la fiabilit\u00e9<\/strong><span style=\"color: rgb(68, 68, 68); font-family: Lato; font-size: 16px; font-weight: 400;\"> de nos produits.<\/span><\/h3><p data-start=\"144\" data-end=\"535\">\nNous aspirons \u00e0 b\u00e2tir un \u00e9cosyst\u00e8me industriel moderne o\u00f9 <strong data-start=\"368\" data-end=\"411\">technologie, savoir-faire et durabilit\u00e9<\/strong> se rencontrent pour offrir \u00e0 nos clients des <strong data-start=\"457\" data-end=\"493\">solutions m\u00e9talliques sur mesure<\/strong> r\u00e9pondant aux standards internationaux.<\/p><p>\n\n<\/p><p data-start=\"537\" data-end=\"757\">Notre ambition est de faire de <strong data-start=\"568\" data-end=\"586\">Laser Dynamics<\/strong> un <strong data-start=\"590\" data-end=\"638\">symbole d\u2019excellence industrielle alg\u00e9rienne<\/strong>, capable d\u2019exporter son expertise et de contribuer activement \u00e0 la transformation du secteur manufacturier Alg\u00e9rien.<\/p>\n\n\n\n\n\n\n\n\n\n\n\n\n\n\n\n\n\n\n\n\n\n\n\n<h2><\/h2>\n\n\n<h3>Rencontrez Notre \u00c9quipe<\/h3>\n\n\n\n<p>Nos Experts en Fabrication M\u00e9canique sont l\u00e0 pour satisfaire vos besoins les plus exigents<\/p>\n\n\n\n\n\n\n\n<h2>Your Heading<\/h2>\n\n\n<h3>Notre Processus<\/h3>\n\n\n<p>D\u00e9couvrez notre m\u00e9thode de travail efficace qui garantit des r\u00e9sultats de haute qualit\u00e9 dans les d\u00e9lais impartis.<\/p>\n\n\n\n\n\nNous analysons vos besoins et proposons des solutions adapt\u00e9es pour votre projet.\n\n\nLa fabrication commence avec nos \u00e9quipements de pointe pour garantir pr\u00e9cision et qualit\u00e9.\n\n\n\n\nNos ing\u00e9nieurs con\u00e7oivent les pi\u00e8ces selon vos sp\u00e9cifications techniques.\n\n\nChaque produit est rigoureusement inspect\u00e9 avant livraison pour assurer la satisfaction totale du client.\n\n\n\n\n\n\n\n\n<h6>T\u00e9moignages de Clients Satisfaits<\/h6>\n\n\n<h3>T\u00e9moignages de Nos Clients<\/h3>\n\n\n\n\n<p>D\u00e9couvrez ce que nos clients disent de leurs exp\u00e9riences avec Laser Dynamics, t\u00e9moignages de qualit\u00e9 et confiance.<\/p>\n\n\n\n\n\n\n\n\n\n\n\n\n\n\n\n","protected":false},"excerpt":{"rendered":"","protected":false},"author":1,"featured_media":0,"parent":0,"menu_order":0,"comment_status":"closed","ping_status":"closed","template":"","meta":{"pagelayer_contact_templates":[],"_pagelayer_content":"","footnotes":""},"class_list":["post-54","page","type-page","status-publish","hentry"],"_links":{"self":[{"href":"https:\/\/laser-dynamics.dz\/index.php?rest_route=\/wp\/v2\/pages\/54","targetHints":{"allow":["GET"]}}],"collection":[{"href":"https:\/\/laser-dynamics.dz\/index.php?rest_route=\/wp\/v2\/pages"}],"about":[{"href":"https:\/\/laser-dynamics.dz\/index.php?rest_route=\/wp\/v2\/types\/page"}],"author":[{"embeddable":true,"href":"https:\/\/laser-dynamics.dz\/index.php?rest_route=\/wp\/v2\/users\/1"}],"replies":[{"embeddable":true,"href":"https:\/\/laser-dynamics.dz\/index.php?rest_route=%2Fwp%2Fv2%2Fcomments&post=54"}],"version-history":[{"count":20,"href":"https:\/\/laser-dynamics.dz\/index.php?rest_route=\/wp\/v2\/pages\/54\/revisions"}],"predecessor-version":[{"id":220,"href":"https:\/\/laser-dynamics.dz\/index.php?rest_route=\/wp\/v2\/pages\/54\/revisions\/220"}],"wp:attachment":[{"href":"https:\/\/laser-dynamics.dz\/index.php?rest_route=%2Fwp%2Fv2%2Fmedia&parent=54"}],"curies":[{"name":"wp","href":"https:\/\/api.w.org\/{rel}","templated":true}]}}