{"id":52,"date":"2025-10-23T23:13:50","date_gmt":"2025-10-23T23:13:50","guid":{"rendered":"https:\/\/laser-dynamics.dz\/wp\/about\/"},"modified":"2025-10-24T21:19:29","modified_gmt":"2025-10-24T21:19:29","slug":"about","status":"publish","type":"page","link":"https:\/\/laser-dynamics.dz\/?page_id=52","title":{"rendered":"About"},"content":{"rendered":"\n\n\n\n\n\n\n\n\n<h6>\u00c0 Propos<\/h6>\n\n\n\n<h3>Qui Sommes Nous?<\/h3>\n\n\n\n<p>Chez Laser Dynamics, nous croyons en l&rsquo;innovation et l&rsquo;excellence. Notre mission est de fournir des solutions m\u00e9talliques de la plus haute qualit\u00e9 \u00e0 nos clients.<\/p>\n\n\n\n<h5>Notre Mission<\/h5>\n\n\n\n<p>Nous nous engageons \u00e0 fournir des services de haute qualit\u00e9 tout en respectant les d\u00e9lais et budgets de nos clients.<\/p>\n\n\n\n<h5>Responsabilit\u00e9 Environnementale<\/h5>\n\n\n\n<p>Promouvoir des pratiques durables et respectueuses de l&rsquo;environnement dans toutes nos op\u00e9rations.<\/p>\n\n\n\n\n\n\n\n\n\n\n\n\n\n\n\n\n\n\n\n\n\n\n\n\n\n\n\n\n\n<h3>FAQ &#8211; Questions Fr\u00e9quemment Pos\u00e9es<\/h3>\n\n\n\n\n\n<p>Tout ce que vous devez savoir sur nos services et notre processus.<\/p>\n\n\n\n\n\n\n\n\n\n\n\n\n\n<p>Nous avons une capacit\u00e9 de production flexible qui s&rsquo;adapte \u00e0 divers projets, petits ou grands, pour r\u00e9pondre efficacement \u00e0 vos besoins.<\/p>\n\n\n\n\n\n\n\n\n\n<p>Nous travaillons principalement avec des <strong>t\u00f4les en acier au carbone<\/strong>, commun\u00e9ment appel\u00e9es <strong>t\u00f4les noires<\/strong>, ainsi qu\u2019avec des <strong>aciers inoxydables<\/strong> de diff\u00e9rentes qualit\u00e9s. Toutefois, selon les besoins sp\u00e9cifiques de nos clients, nous sommes \u00e9galement en mesure de <strong>traiter d\u2019autres mat\u00e9riaux<\/strong> tels que <strong>l\u2019aluminium<\/strong> et <strong>le cuivre<\/strong>, garantissant ainsi une flexibilit\u00e9 maximale dans la r\u00e9alisation de projets sur mesure.<\/p>\n\n\n\n\n\n\n\n\n\n<p>Oui, nous proposons des <strong>solutions sur mesure<\/strong> parfaitement adapt\u00e9es aux <strong>exigences sp\u00e9cifiques de chaque client<\/strong>. Notre approche int\u00e9gr\u00e9e couvre l\u2019ensemble du processus, depuis la <strong>consultation et l\u2019\u00e9tude technique<\/strong> jusqu\u2019\u00e0 la <strong>conception<\/strong> et la <strong>r\u00e9alisation<\/strong> finale. Cette m\u00e9thodologie nous permet d\u2019assurer une <strong>coh\u00e9rence totale entre les besoins du client, la faisabilit\u00e9 industrielle et la qualit\u00e9 du produit fini<\/strong>.<\/p>\n\n\n\n\n\n\n\n\n\n<p>Nous avons une capacit\u00e9 de production flexible qui s&rsquo;adapte \u00e0 divers projets, petits ou grands, pour r\u00e9pondre efficacement \u00e0 vos besoins.<\/p>\n\n\n\n\n\n\n\n\n\n\n\n\n\n\n\n\n\n\n\n<h6>T\u00e9moignages de Clients Satisfaits<\/h6>\n\n\n\n<h3>T\u00e9moignages de Nos Clients<\/h3>\n\n\n\n\n\n<p>D\u00e9couvrez ce que nos clients disent de leurs exp\u00e9riences avec Laser Dynamics, t\u00e9moignages de qualit\u00e9 et confiance.<\/p>\n\n\n\n\n\n\n\n\n\n\n\n\n\n\n\n\n\n\n","protected":false},"excerpt":{"rendered":"","protected":false},"author":1,"featured_media":0,"parent":0,"menu_order":0,"comment_status":"closed","ping_status":"closed","template":"","meta":{"pagelayer_contact_templates":[],"_pagelayer_content":"","footnotes":""},"class_list":["post-52","page","type-page","status-publish","hentry"],"_links":{"self":[{"href":"https:\/\/laser-dynamics.dz\/index.php?rest_route=\/wp\/v2\/pages\/52","targetHints":{"allow":["GET"]}}],"collection":[{"href":"https:\/\/laser-dynamics.dz\/index.php?rest_route=\/wp\/v2\/pages"}],"about":[{"href":"https:\/\/laser-dynamics.dz\/index.php?rest_route=\/wp\/v2\/types\/page"}],"author":[{"embeddable":true,"href":"https:\/\/laser-dynamics.dz\/index.php?rest_route=\/wp\/v2\/users\/1"}],"replies":[{"embeddable":true,"href":"https:\/\/laser-dynamics.dz\/index.php?rest_route=%2Fwp%2Fv2%2Fcomments&post=52"}],"version-history":[{"count":3,"href":"https:\/\/laser-dynamics.dz\/index.php?rest_route=\/wp\/v2\/pages\/52\/revisions"}],"predecessor-version":[{"id":137,"href":"https:\/\/laser-dynamics.dz\/index.php?rest_route=\/wp\/v2\/pages\/52\/revisions\/137"}],"wp:attachment":[{"href":"https:\/\/laser-dynamics.dz\/index.php?rest_route=%2Fwp%2Fv2%2Fmedia&parent=52"}],"curies":[{"name":"wp","href":"https:\/\/api.w.org\/{rel}","templated":true}]}}